{"id":479,"date":"2025-01-26T14:18:19","date_gmt":"2025-01-26T19:18:19","guid":{"rendered":"https:\/\/enlazalud.com\/?page_id=479"},"modified":"2025-03-10T13:44:39","modified_gmt":"2025-03-10T18:44:39","slug":"ceo","status":"publish","type":"page","link":"https:\/\/enlazalud.com\/index.php\/ceo\/","title":{"rendered":"CEO"},"content":{"rendered":"\t\t<div data-elementor-type=\"wp-page\" data-elementor-id=\"479\" class=\"elementor elementor-479\" data-elementor-post-type=\"page\">\n\t\t\t\t<div class=\"elementor-element elementor-element-d4d9bbe e-flex e-con-boxed e-con e-parent\" data-id=\"d4d9bbe\" data-element_type=\"container\" data-settings=\"{&quot;background_background&quot;:&quot;gradient&quot;,&quot;shape_divider_bottom&quot;:&quot;tilt&quot;}\">\n\t\t\t\t\t<div class=\"e-con-inner\">\n\t\t\t\t<div class=\"elementor-shape elementor-shape-bottom\" data-negative=\"false\">\n\t\t\t<svg xmlns=\"http:\/\/www.w3.org\/2000\/svg\" viewBox=\"0 0 1000 100\" preserveAspectRatio=\"none\">\n\t<path class=\"elementor-shape-fill\" d=\"M0,6V0h1000v100L0,6z\"\/>\n<\/svg>\t\t<\/div>\n\t\t<div class=\"elementor-element elementor-element-acb4bdf e-con-full e-flex e-con e-child\" data-id=\"acb4bdf\" data-element_type=\"container\">\n\t\t\t\t<div class=\"elementor-element elementor-element-c106ff8 elementor-widget elementor-widget-heading\" data-id=\"c106ff8\" data-element_type=\"widget\" data-widget_type=\"heading.default\">\n\t\t\t\t<div class=\"elementor-widget-container\">\n\t\t\t\t\t<h2 class=\"elementor-heading-title elementor-size-default\">Sobre el Fundador<\/h2>\t\t\t\t<\/div>\n\t\t\t\t<\/div>\n\t\t\t\t<div class=\"elementor-element elementor-element-f933268 elementor-widget elementor-widget-text-editor\" data-id=\"f933268\" data-element_type=\"widget\" data-widget_type=\"text-editor.default\">\n\t\t\t\t<div class=\"elementor-widget-container\">\n\t\t\t\t\t\t\t\t\t<p style=\"font-weight: 400;\">El Dr. \u00d3scar Cantos, m\u00e9dico con menci\u00f3n en planes comerciales, es el fundador y Consultor Estrat\u00e9gico en Salud de EnlazaLud. Con una s\u00f3lida trayectoria en \u00e1reas administrativas y tecnol\u00f3gicas, ha desempe\u00f1ado roles clave en auditor\u00eda m\u00e9dica y gesti\u00f3n de convenios a nivel nacional, tanto en el sector privado como en aseguradoras de medicina prepagada.<\/p>\t\t\t\t\t\t\t\t<\/div>\n\t\t\t\t<\/div>\n\t\t<div class=\"elementor-element elementor-element-0e134f6 e-con-full e-flex e-con e-child\" data-id=\"0e134f6\" data-element_type=\"container\">\n\t\t\t\t<div class=\"elementor-element elementor-element-961521a elementor-widget elementor-widget-button\" data-id=\"961521a\" data-element_type=\"widget\" data-widget_type=\"button.default\">\n\t\t\t\t<div class=\"elementor-widget-container\">\n\t\t\t\t\t\t\t\t\t<div class=\"elementor-button-wrapper\">\n\t\t\t\t\t<a class=\"elementor-button elementor-button-link elementor-size-sm\" href=\"https:\/\/enlazalud.com\/index.php\/contacto\/\">\n\t\t\t\t\t\t<span class=\"elementor-button-content-wrapper\">\n\t\t\t\t\t\t<span class=\"elementor-button-icon\">\n\t\t\t\t<svg aria-hidden=\"true\" class=\"e-font-icon-svg e-fas-arrow-right\" viewBox=\"0 0 448 512\" xmlns=\"http:\/\/www.w3.org\/2000\/svg\"><path d=\"M190.5 66.9l22.2-22.2c9.4-9.4 24.6-9.4 33.9 0L441 239c9.4 9.4 9.4 24.6 0 33.9L246.6 467.3c-9.4 9.4-24.6 9.4-33.9 0l-22.2-22.2c-9.5-9.5-9.3-25 .4-34.3L311.4 296H24c-13.3 0-24-10.7-24-24v-32c0-13.3 10.7-24 24-24h287.4L190.9 101.2c-9.8-9.3-10-24.8-.4-34.3z\"><\/path><\/svg>\t\t\t<\/span>\n\t\t\t\t\t\t\t\t\t<span class=\"elementor-button-text\">Conversemos<\/span>\n\t\t\t\t\t<\/span>\n\t\t\t\t\t<\/a>\n\t\t\t\t<\/div>\n\t\t\t\t\t\t\t\t<\/div>\n\t\t\t\t<\/div>\n\t\t\t\t<\/div>\n\t\t\t\t<\/div>\n\t\t<div class=\"elementor-element elementor-element-36c589c e-con-full e-flex e-con e-child\" data-id=\"36c589c\" data-element_type=\"container\">\n\t\t\t\t<div class=\"elementor-element elementor-element-49b8709 elementor-widget elementor-widget-image\" data-id=\"49b8709\" data-element_type=\"widget\" data-widget_type=\"image.default\">\n\t\t\t\t<div class=\"elementor-widget-container\">\n\t\t\t\t\t\t\t\t\t\t\t\t\t\t\t<img fetchpriority=\"high\" decoding=\"async\" width=\"800\" height=\"841\" src=\"https:\/\/enlazalud.com\/wp-content\/uploads\/oscar_cantos_enlazalud-02.png\" class=\"attachment-large size-large wp-image-1030\" alt=\"\" srcset=\"https:\/\/enlazalud.com\/wp-content\/uploads\/oscar_cantos_enlazalud-02.png 920w, https:\/\/enlazalud.com\/wp-content\/uploads\/oscar_cantos_enlazalud-02-285x300.png 285w, https:\/\/enlazalud.com\/wp-content\/uploads\/oscar_cantos_enlazalud-02-768x807.png 768w\" sizes=\"(max-width: 800px) 100vw, 800px\" \/>\t\t\t\t\t\t\t\t\t\t\t\t\t\t\t<\/div>\n\t\t\t\t<\/div>\n\t\t\t\t<\/div>\n\t\t\t\t\t<\/div>\n\t\t\t\t<\/div>\n\t\t<div class=\"elementor-element elementor-element-f5f2067 e-flex e-con-boxed e-con e-parent\" data-id=\"f5f2067\" data-element_type=\"container\">\n\t\t\t\t\t<div class=\"e-con-inner\">\n\t\t<div class=\"elementor-element elementor-element-ca85be2 e-con-full e-flex e-con e-child\" data-id=\"ca85be2\" data-element_type=\"container\" data-settings=\"{&quot;background_background&quot;:&quot;classic&quot;}\">\n\t\t\t\t<div class=\"elementor-element elementor-element-8be2c05 elementor-widget elementor-widget-text-editor\" data-id=\"8be2c05\" data-element_type=\"widget\" data-widget_type=\"text-editor.default\">\n\t\t\t\t<div class=\"elementor-widget-container\">\n\t\t\t\t\t\t\t\t\t<p style=\"font-weight: 400;\">Su amplia experiencia le ha permitido desarrollar un enfoque \u00fanico que combina la ciencia m\u00e9dica, la gesti\u00f3n de recursos y la optimizaci\u00f3n de procesos. Esto le permite transformar desaf\u00edos complejos en soluciones efectivas y personalizadas para cada uno de sus clientes.<\/p>\t\t\t\t\t\t\t\t<\/div>\n\t\t\t\t<\/div>\n\t\t\t\t<div class=\"elementor-element elementor-element-6f22b34 elementor-widget elementor-widget-text-editor\" data-id=\"6f22b34\" data-element_type=\"widget\" data-widget_type=\"text-editor.default\">\n\t\t\t\t<div class=\"elementor-widget-container\">\n\t\t\t\t\t\t\t\t\t<p style=\"font-weight: 400;\">Apasionado por cerrar las brechas en el sector salud, el Dr. Cantos entiende las necesidades de m\u00e9dicos, pacientes y brokers desde una perspectiva integral. Su conocimiento profundo del sistema sanitario ecuatoriano le permite identificar oportunidades de mejora y crear estrategias que benefician a todos los actores involucrados.<\/p>\t\t\t\t\t\t\t\t<\/div>\n\t\t\t\t<\/div>\n\t\t\t\t<\/div>\n\t\t<div class=\"elementor-element elementor-element-b1bfb2b e-con-full e-flex elementor-invisible e-con e-child\" data-id=\"b1bfb2b\" data-element_type=\"container\" data-settings=\"{&quot;background_background&quot;:&quot;classic&quot;,&quot;animation&quot;:&quot;slideInUp&quot;}\">\n\t\t\t\t<div class=\"elementor-element elementor-element-425703f elementor-widget elementor-widget-text-editor\" data-id=\"425703f\" data-element_type=\"widget\" data-widget_type=\"text-editor.default\">\n\t\t\t\t<div class=\"elementor-widget-container\">\n\t\t\t\t\t\t\t\t\t<p style=\"font-weight: 400;\">Comprometido con la innovaci\u00f3n y la excelencia, lidera EnlazaLud con la visi\u00f3n de conectar y proteger cada arista del sector salud. Su objetivo es facilitar la comunicaci\u00f3n y colaboraci\u00f3n entre profesionales de la salud, pacientes y aseguradoras, garantizando que cada uno reciba el m\u00e1ximo valor y eficiencia en los servicios de salud.<\/p>\t\t\t\t\t\t\t\t<\/div>\n\t\t\t\t<\/div>\n\t\t\t\t<div class=\"elementor-element elementor-element-dea5df7 e-grid-align-left elementor-shape-rounded elementor-grid-0 elementor-widget elementor-widget-social-icons\" data-id=\"dea5df7\" data-element_type=\"widget\" data-widget_type=\"social-icons.default\">\n\t\t\t\t<div class=\"elementor-widget-container\">\n\t\t\t\t\t\t\t<div class=\"elementor-social-icons-wrapper elementor-grid\">\n\t\t\t\t\t\t\t<span class=\"elementor-grid-item\">\n\t\t\t\t\t<a class=\"elementor-icon elementor-social-icon elementor-social-icon-linkedin elementor-repeater-item-0e3ccad\" target=\"_blank\">\n\t\t\t\t\t\t<span class=\"elementor-screen-only\">Linkedin<\/span>\n\t\t\t\t\t\t<svg class=\"e-font-icon-svg e-fab-linkedin\" viewBox=\"0 0 448 512\" xmlns=\"http:\/\/www.w3.org\/2000\/svg\"><path d=\"M416 32H31.9C14.3 32 0 46.5 0 64.3v383.4C0 465.5 14.3 480 31.9 480H416c17.6 0 32-14.5 32-32.3V64.3c0-17.8-14.4-32.3-32-32.3zM135.4 416H69V202.2h66.5V416zm-33.2-243c-21.3 0-38.5-17.3-38.5-38.5S80.9 96 102.2 96c21.2 0 38.5 17.3 38.5 38.5 0 21.3-17.2 38.5-38.5 38.5zm282.1 243h-66.4V312c0-24.8-.5-56.7-34.5-56.7-34.6 0-39.9 27-39.9 54.9V416h-66.4V202.2h63.7v29.2h.9c8.9-16.8 30.6-34.5 62.9-34.5 67.2 0 79.7 44.3 79.7 101.9V416z\"><\/path><\/svg>\t\t\t\t\t<\/a>\n\t\t\t\t<\/span>\n\t\t\t\t\t\t\t<span class=\"elementor-grid-item\">\n\t\t\t\t\t<a class=\"elementor-icon elementor-social-icon elementor-social-icon-facebook elementor-repeater-item-ad60594\" target=\"_blank\">\n\t\t\t\t\t\t<span class=\"elementor-screen-only\">Facebook<\/span>\n\t\t\t\t\t\t<svg class=\"e-font-icon-svg e-fab-facebook\" viewBox=\"0 0 512 512\" xmlns=\"http:\/\/www.w3.org\/2000\/svg\"><path d=\"M504 256C504 119 393 8 256 8S8 119 8 256c0 123.78 90.69 226.38 209.25 245V327.69h-63V256h63v-54.64c0-62.15 37-96.48 93.67-96.48 27.14 0 55.52 4.84 55.52 4.84v61h-31.28c-30.8 0-40.41 19.12-40.41 38.73V256h68.78l-11 71.69h-57.78V501C413.31 482.38 504 379.78 504 256z\"><\/path><\/svg>\t\t\t\t\t<\/a>\n\t\t\t\t<\/span>\n\t\t\t\t\t\t\t<span class=\"elementor-grid-item\">\n\t\t\t\t\t<a class=\"elementor-icon elementor-social-icon elementor-social-icon-instagram elementor-repeater-item-58b36d3\" target=\"_blank\">\n\t\t\t\t\t\t<span class=\"elementor-screen-only\">Instagram<\/span>\n\t\t\t\t\t\t<svg class=\"e-font-icon-svg e-fab-instagram\" viewBox=\"0 0 448 512\" xmlns=\"http:\/\/www.w3.org\/2000\/svg\"><path d=\"M224.1 141c-63.6 0-114.9 51.3-114.9 114.9s51.3 114.9 114.9 114.9S339 319.5 339 255.9 287.7 141 224.1 141zm0 189.6c-41.1 0-74.7-33.5-74.7-74.7s33.5-74.7 74.7-74.7 74.7 33.5 74.7 74.7-33.6 74.7-74.7 74.7zm146.4-194.3c0 14.9-12 26.8-26.8 26.8-14.9 0-26.8-12-26.8-26.8s12-26.8 26.8-26.8 26.8 12 26.8 26.8zm76.1 27.2c-1.7-35.9-9.9-67.7-36.2-93.9-26.2-26.2-58-34.4-93.9-36.2-37-2.1-147.9-2.1-184.9 0-35.8 1.7-67.6 9.9-93.9 36.1s-34.4 58-36.2 93.9c-2.1 37-2.1 147.9 0 184.9 1.7 35.9 9.9 67.7 36.2 93.9s58 34.4 93.9 36.2c37 2.1 147.9 2.1 184.9 0 35.9-1.7 67.7-9.9 93.9-36.2 26.2-26.2 34.4-58 36.2-93.9 2.1-37 2.1-147.8 0-184.8zM398.8 388c-7.8 19.6-22.9 34.7-42.6 42.6-29.5 11.7-99.5 9-132.1 9s-102.7 2.6-132.1-9c-19.6-7.8-34.7-22.9-42.6-42.6-11.7-29.5-9-99.5-9-132.1s-2.6-102.7 9-132.1c7.8-19.6 22.9-34.7 42.6-42.6 29.5-11.7 99.5-9 132.1-9s102.7-2.6 132.1 9c19.6 7.8 34.7 22.9 42.6 42.6 11.7 29.5 9 99.5 9 132.1s2.7 102.7-9 132.1z\"><\/path><\/svg>\t\t\t\t\t<\/a>\n\t\t\t\t<\/span>\n\t\t\t\t\t<\/div>\n\t\t\t\t\t\t<\/div>\n\t\t\t\t<\/div>\n\t\t\t\t<\/div>\n\t\t\t\t\t<\/div>\n\t\t\t\t<\/div>\n\t\t\t\t<\/div>\n\t\t","protected":false},"excerpt":{"rendered":"<p>Sobre el Fundador El Dr. \u00d3scar Cantos, m\u00e9dico con menci\u00f3n en planes comerciales, es el fundador y Consultor Estrat\u00e9gico en Salud de EnlazaLud. Con una s\u00f3lida trayectoria en \u00e1reas administrativas y tecnol\u00f3gicas, ha desempe\u00f1ado roles clave en auditor\u00eda m\u00e9dica y gesti\u00f3n de convenios a nivel nacional, tanto en el sector privado como en aseguradoras de [&hellip;]<\/p>\n","protected":false},"author":1,"featured_media":0,"parent":0,"menu_order":0,"comment_status":"closed","ping_status":"closed","template":"elementor_header_footer","meta":{"footnotes":""},"class_list":["post-479","page","type-page","status-publish","hentry"],"yoast_head":"<!-- This site is optimized with the Yoast SEO plugin v24.6 - https:\/\/yoast.com\/wordpress\/plugins\/seo\/ -->\n<title>CEO - Enlazalud<\/title>\n<meta name=\"robots\" content=\"index, follow, max-snippet:-1, max-image-preview:large, max-video-preview:-1\" \/>\n<link rel=\"canonical\" href=\"https:\/\/enlazalud.com\/index.php\/ceo\/\" \/>\n<meta property=\"og:locale\" content=\"es_ES\" \/>\n<meta property=\"og:type\" content=\"article\" \/>\n<meta property=\"og:title\" content=\"CEO - Enlazalud\" \/>\n<meta property=\"og:description\" content=\"Sobre el Fundador El Dr. \u00d3scar Cantos, m\u00e9dico con menci\u00f3n en planes comerciales, es el fundador y Consultor Estrat\u00e9gico en Salud de EnlazaLud. Con una s\u00f3lida trayectoria en \u00e1reas administrativas y tecnol\u00f3gicas, ha desempe\u00f1ado roles clave en auditor\u00eda m\u00e9dica y gesti\u00f3n de convenios a nivel nacional, tanto en el sector privado como en aseguradoras de [&hellip;]\" \/>\n<meta property=\"og:url\" content=\"https:\/\/enlazalud.com\/index.php\/ceo\/\" \/>\n<meta property=\"og:site_name\" content=\"Enlazalud\" \/>\n<meta property=\"article:modified_time\" content=\"2025-03-10T18:44:39+00:00\" \/>\n<meta property=\"og:image\" content=\"https:\/\/enlazalud.com\/wp-content\/uploads\/oscar_cantos_enlazalud-02.png\" \/>\n\t<meta property=\"og:image:width\" content=\"920\" \/>\n\t<meta property=\"og:image:height\" content=\"967\" \/>\n\t<meta property=\"og:image:type\" content=\"image\/png\" \/>\n<meta name=\"twitter:card\" content=\"summary_large_image\" \/>\n<meta name=\"twitter:label1\" content=\"Tiempo de lectura\" \/>\n\t<meta name=\"twitter:data1\" content=\"1 minuto\" \/>\n<script type=\"application\/ld+json\" class=\"yoast-schema-graph\">{\"@context\":\"https:\/\/schema.org\",\"@graph\":[{\"@type\":\"WebPage\",\"@id\":\"https:\/\/enlazalud.com\/index.php\/ceo\/\",\"url\":\"https:\/\/enlazalud.com\/index.php\/ceo\/\",\"name\":\"CEO - Enlazalud\",\"isPartOf\":{\"@id\":\"https:\/\/enlazalud.com\/#website\"},\"primaryImageOfPage\":{\"@id\":\"https:\/\/enlazalud.com\/index.php\/ceo\/#primaryimage\"},\"image\":{\"@id\":\"https:\/\/enlazalud.com\/index.php\/ceo\/#primaryimage\"},\"thumbnailUrl\":\"https:\/\/enlazalud.com\/wp-content\/uploads\/oscar_cantos_enlazalud-02.png\",\"datePublished\":\"2025-01-26T19:18:19+00:00\",\"dateModified\":\"2025-03-10T18:44:39+00:00\",\"breadcrumb\":{\"@id\":\"https:\/\/enlazalud.com\/index.php\/ceo\/#breadcrumb\"},\"inLanguage\":\"es\",\"potentialAction\":[{\"@type\":\"ReadAction\",\"target\":[\"https:\/\/enlazalud.com\/index.php\/ceo\/\"]}]},{\"@type\":\"ImageObject\",\"inLanguage\":\"es\",\"@id\":\"https:\/\/enlazalud.com\/index.php\/ceo\/#primaryimage\",\"url\":\"https:\/\/enlazalud.com\/wp-content\/uploads\/oscar_cantos_enlazalud-02.png\",\"contentUrl\":\"https:\/\/enlazalud.com\/wp-content\/uploads\/oscar_cantos_enlazalud-02.png\",\"width\":920,\"height\":967},{\"@type\":\"BreadcrumbList\",\"@id\":\"https:\/\/enlazalud.com\/index.php\/ceo\/#breadcrumb\",\"itemListElement\":[{\"@type\":\"ListItem\",\"position\":1,\"name\":\"Portada\",\"item\":\"https:\/\/enlazalud.com\/\"},{\"@type\":\"ListItem\",\"position\":2,\"name\":\"CEO\"}]},{\"@type\":\"WebSite\",\"@id\":\"https:\/\/enlazalud.com\/#website\",\"url\":\"https:\/\/enlazalud.com\/\",\"name\":\"Enlazalud\",\"description\":\"Desde la A hasta la Z, protegemos cada detalle en el sector salud\",\"publisher\":{\"@id\":\"https:\/\/enlazalud.com\/#organization\"},\"potentialAction\":[{\"@type\":\"SearchAction\",\"target\":{\"@type\":\"EntryPoint\",\"urlTemplate\":\"https:\/\/enlazalud.com\/?s={search_term_string}\"},\"query-input\":{\"@type\":\"PropertyValueSpecification\",\"valueRequired\":true,\"valueName\":\"search_term_string\"}}],\"inLanguage\":\"es\"},{\"@type\":\"Organization\",\"@id\":\"https:\/\/enlazalud.com\/#organization\",\"name\":\"Enlazalud\",\"url\":\"https:\/\/enlazalud.com\/\",\"logo\":{\"@type\":\"ImageObject\",\"inLanguage\":\"es\",\"@id\":\"https:\/\/enlazalud.com\/#\/schema\/logo\/image\/\",\"url\":\"https:\/\/enlazalud.com\/wp-content\/uploads\/logo-enlazalud-azul.png\",\"contentUrl\":\"https:\/\/enlazalud.com\/wp-content\/uploads\/logo-enlazalud-azul.png\",\"width\":700,\"height\":171,\"caption\":\"Enlazalud\"},\"image\":{\"@id\":\"https:\/\/enlazalud.com\/#\/schema\/logo\/image\/\"}}]}<\/script>\n<!-- \/ Yoast SEO plugin. -->","yoast_head_json":{"title":"CEO - Enlazalud","robots":{"index":"index","follow":"follow","max-snippet":"max-snippet:-1","max-image-preview":"max-image-preview:large","max-video-preview":"max-video-preview:-1"},"canonical":"https:\/\/enlazalud.com\/index.php\/ceo\/","og_locale":"es_ES","og_type":"article","og_title":"CEO - Enlazalud","og_description":"Sobre el Fundador El Dr. \u00d3scar Cantos, m\u00e9dico con menci\u00f3n en planes comerciales, es el fundador y Consultor Estrat\u00e9gico en Salud de EnlazaLud. Con una s\u00f3lida trayectoria en \u00e1reas administrativas y tecnol\u00f3gicas, ha desempe\u00f1ado roles clave en auditor\u00eda m\u00e9dica y gesti\u00f3n de convenios a nivel nacional, tanto en el sector privado como en aseguradoras de [&hellip;]","og_url":"https:\/\/enlazalud.com\/index.php\/ceo\/","og_site_name":"Enlazalud","article_modified_time":"2025-03-10T18:44:39+00:00","og_image":[{"width":920,"height":967,"url":"https:\/\/enlazalud.com\/wp-content\/uploads\/oscar_cantos_enlazalud-02.png","type":"image\/png"}],"twitter_card":"summary_large_image","twitter_misc":{"Tiempo de lectura":"1 minuto"},"schema":{"@context":"https:\/\/schema.org","@graph":[{"@type":"WebPage","@id":"https:\/\/enlazalud.com\/index.php\/ceo\/","url":"https:\/\/enlazalud.com\/index.php\/ceo\/","name":"CEO - Enlazalud","isPartOf":{"@id":"https:\/\/enlazalud.com\/#website"},"primaryImageOfPage":{"@id":"https:\/\/enlazalud.com\/index.php\/ceo\/#primaryimage"},"image":{"@id":"https:\/\/enlazalud.com\/index.php\/ceo\/#primaryimage"},"thumbnailUrl":"https:\/\/enlazalud.com\/wp-content\/uploads\/oscar_cantos_enlazalud-02.png","datePublished":"2025-01-26T19:18:19+00:00","dateModified":"2025-03-10T18:44:39+00:00","breadcrumb":{"@id":"https:\/\/enlazalud.com\/index.php\/ceo\/#breadcrumb"},"inLanguage":"es","potentialAction":[{"@type":"ReadAction","target":["https:\/\/enlazalud.com\/index.php\/ceo\/"]}]},{"@type":"ImageObject","inLanguage":"es","@id":"https:\/\/enlazalud.com\/index.php\/ceo\/#primaryimage","url":"https:\/\/enlazalud.com\/wp-content\/uploads\/oscar_cantos_enlazalud-02.png","contentUrl":"https:\/\/enlazalud.com\/wp-content\/uploads\/oscar_cantos_enlazalud-02.png","width":920,"height":967},{"@type":"BreadcrumbList","@id":"https:\/\/enlazalud.com\/index.php\/ceo\/#breadcrumb","itemListElement":[{"@type":"ListItem","position":1,"name":"Portada","item":"https:\/\/enlazalud.com\/"},{"@type":"ListItem","position":2,"name":"CEO"}]},{"@type":"WebSite","@id":"https:\/\/enlazalud.com\/#website","url":"https:\/\/enlazalud.com\/","name":"Enlazalud","description":"Desde la A hasta la Z, protegemos cada detalle en el sector salud","publisher":{"@id":"https:\/\/enlazalud.com\/#organization"},"potentialAction":[{"@type":"SearchAction","target":{"@type":"EntryPoint","urlTemplate":"https:\/\/enlazalud.com\/?s={search_term_string}"},"query-input":{"@type":"PropertyValueSpecification","valueRequired":true,"valueName":"search_term_string"}}],"inLanguage":"es"},{"@type":"Organization","@id":"https:\/\/enlazalud.com\/#organization","name":"Enlazalud","url":"https:\/\/enlazalud.com\/","logo":{"@type":"ImageObject","inLanguage":"es","@id":"https:\/\/enlazalud.com\/#\/schema\/logo\/image\/","url":"https:\/\/enlazalud.com\/wp-content\/uploads\/logo-enlazalud-azul.png","contentUrl":"https:\/\/enlazalud.com\/wp-content\/uploads\/logo-enlazalud-azul.png","width":700,"height":171,"caption":"Enlazalud"},"image":{"@id":"https:\/\/enlazalud.com\/#\/schema\/logo\/image\/"}}]}},"_links":{"self":[{"href":"https:\/\/enlazalud.com\/index.php\/wp-json\/wp\/v2\/pages\/479","targetHints":{"allow":["GET"]}}],"collection":[{"href":"https:\/\/enlazalud.com\/index.php\/wp-json\/wp\/v2\/pages"}],"about":[{"href":"https:\/\/enlazalud.com\/index.php\/wp-json\/wp\/v2\/types\/page"}],"author":[{"embeddable":true,"href":"https:\/\/enlazalud.com\/index.php\/wp-json\/wp\/v2\/users\/1"}],"replies":[{"embeddable":true,"href":"https:\/\/enlazalud.com\/index.php\/wp-json\/wp\/v2\/comments?post=479"}],"version-history":[{"count":49,"href":"https:\/\/enlazalud.com\/index.php\/wp-json\/wp\/v2\/pages\/479\/revisions"}],"predecessor-version":[{"id":1036,"href":"https:\/\/enlazalud.com\/index.php\/wp-json\/wp\/v2\/pages\/479\/revisions\/1036"}],"wp:attachment":[{"href":"https:\/\/enlazalud.com\/index.php\/wp-json\/wp\/v2\/media?parent=479"}],"curies":[{"name":"wp","href":"https:\/\/api.w.org\/{rel}","templated":true}]}}