{"id":477,"date":"2025-01-26T14:18:05","date_gmt":"2025-01-26T19:18:05","guid":{"rendered":"https:\/\/enlazalud.com\/?page_id=477"},"modified":"2025-01-26T20:51:50","modified_gmt":"2025-01-27T01:51:50","slug":"nosotros","status":"publish","type":"page","link":"https:\/\/enlazalud.com\/index.php\/nosotros\/","title":{"rendered":"Nosotros"},"content":{"rendered":"\t\t<div data-elementor-type=\"wp-page\" data-elementor-id=\"477\" class=\"elementor elementor-477\" data-elementor-post-type=\"page\">\n\t\t\t\t<div class=\"elementor-element elementor-element-d40287f e-flex e-con-boxed e-con e-parent\" data-id=\"d40287f\" data-element_type=\"container\" data-settings=\"{&quot;background_background&quot;:&quot;gradient&quot;,&quot;shape_divider_bottom&quot;:&quot;tilt&quot;}\">\n\t\t\t\t\t<div class=\"e-con-inner\">\n\t\t\t\t<div class=\"elementor-shape elementor-shape-bottom\" data-negative=\"false\">\n\t\t\t<svg xmlns=\"http:\/\/www.w3.org\/2000\/svg\" viewBox=\"0 0 1000 100\" preserveAspectRatio=\"none\">\n\t<path class=\"elementor-shape-fill\" d=\"M0,6V0h1000v100L0,6z\"\/>\n<\/svg>\t\t<\/div>\n\t\t<div class=\"elementor-element elementor-element-8b413bd e-con-full e-flex e-con e-child\" data-id=\"8b413bd\" data-element_type=\"container\">\n\t\t\t\t<div class=\"elementor-element elementor-element-6772763 elementor-widget elementor-widget-heading\" data-id=\"6772763\" data-element_type=\"widget\" data-widget_type=\"heading.default\">\n\t\t\t\t<div class=\"elementor-widget-container\">\n\t\t\t\t\t<h2 class=\"elementor-heading-title elementor-size-default\">Desde la A hasta la Z, protegemos cada detalle en el sector salud<\/h2>\t\t\t\t<\/div>\n\t\t\t\t<\/div>\n\t\t\t\t<div class=\"elementor-element elementor-element-1d0a84a elementor-widget elementor-widget-text-editor\" data-id=\"1d0a84a\" data-element_type=\"widget\" data-widget_type=\"text-editor.default\">\n\t\t\t\t<div class=\"elementor-widget-container\">\n\t\t\t\t\t\t\t\t\t<p style=\"font-weight: 400;\">En Enlazalud, usamos la &#8216;Z&#8217; porque no dejamos nada al azar ni al final. Trabajamos para proteger todas las aristas en el sector salud, conectando m\u00e9dicos, pacientes, br\u00f3keres y prestadores con soluciones efectivas e innovadoras, por eso la fusi\u00f3n de \u201cenlaza\u201d y \u201cSalud\u201d con solo la \u201cZ\u201d<\/p>\t\t\t\t\t\t\t\t<\/div>\n\t\t\t\t<\/div>\n\t\t<div class=\"elementor-element elementor-element-a0eba2e e-con-full e-flex e-con e-child\" data-id=\"a0eba2e\" data-element_type=\"container\">\n\t\t\t\t<div class=\"elementor-element elementor-element-f092870 elementor-widget elementor-widget-button\" data-id=\"f092870\" data-element_type=\"widget\" data-widget_type=\"button.default\">\n\t\t\t\t<div class=\"elementor-widget-container\">\n\t\t\t\t\t\t\t\t\t<div class=\"elementor-button-wrapper\">\n\t\t\t\t\t<a class=\"elementor-button elementor-button-link elementor-size-sm\" href=\"https:\/\/enlazalud.com\/index.php\/blog\/\">\n\t\t\t\t\t\t<span class=\"elementor-button-content-wrapper\">\n\t\t\t\t\t\t\t\t\t<span class=\"elementor-button-text\">Blog<\/span>\n\t\t\t\t\t<\/span>\n\t\t\t\t\t<\/a>\n\t\t\t\t<\/div>\n\t\t\t\t\t\t\t\t<\/div>\n\t\t\t\t<\/div>\n\t\t\t\t<div class=\"elementor-element elementor-element-de6aa88 elementor-widget elementor-widget-button\" data-id=\"de6aa88\" data-element_type=\"widget\" data-widget_type=\"button.default\">\n\t\t\t\t<div class=\"elementor-widget-container\">\n\t\t\t\t\t\t\t\t\t<div class=\"elementor-button-wrapper\">\n\t\t\t\t\t<a class=\"elementor-button elementor-button-link elementor-size-sm\" href=\"https:\/\/enlazalud.com\/index.php\/contacto\/\">\n\t\t\t\t\t\t<span class=\"elementor-button-content-wrapper\">\n\t\t\t\t\t\t\t\t\t<span class=\"elementor-button-text\">Cont\u00e1ctanos<\/span>\n\t\t\t\t\t<\/span>\n\t\t\t\t\t<\/a>\n\t\t\t\t<\/div>\n\t\t\t\t\t\t\t\t<\/div>\n\t\t\t\t<\/div>\n\t\t\t\t<\/div>\n\t\t\t\t<\/div>\n\t\t\t\t\t<\/div>\n\t\t\t\t<\/div>\n\t\t<div class=\"elementor-element elementor-element-784eed4 e-flex e-con-boxed e-con e-parent\" data-id=\"784eed4\" data-element_type=\"container\">\n\t\t\t\t\t<div class=\"e-con-inner\">\n\t\t<div class=\"elementor-element elementor-element-0d50d86 e-con-full e-flex e-con e-child\" data-id=\"0d50d86\" data-element_type=\"container\">\n\t\t\t\t<\/div>\n\t\t<div class=\"elementor-element elementor-element-e847860 e-con-full e-flex e-con e-child\" data-id=\"e847860\" data-element_type=\"container\">\n\t\t\t\t<div class=\"elementor-element elementor-element-f0ca37e elementor-widget elementor-widget-heading\" data-id=\"f0ca37e\" data-element_type=\"widget\" data-widget_type=\"heading.default\">\n\t\t\t\t<div class=\"elementor-widget-container\">\n\t\t\t\t\t<h2 class=\"elementor-heading-title elementor-size-default\">Qui\u00e9nes somos<\/h2>\t\t\t\t<\/div>\n\t\t\t\t<\/div>\n\t\t\t\t<div class=\"elementor-element elementor-element-5bf3948 elementor-widget elementor-widget-text-editor\" data-id=\"5bf3948\" data-element_type=\"widget\" data-widget_type=\"text-editor.default\">\n\t\t\t\t<div class=\"elementor-widget-container\">\n\t\t\t\t\t\t\t\t\t<p style=\"font-weight: 400;\">En EnlazaLud, estamos redefiniendo c\u00f3mo se conectan las personas, los profesionales y las instituciones en el sector salud.<\/p><p style=\"font-weight: 400;\">Somos una consultor\u00eda innovadora liderada por el Dr. \u00d3scar Cantos, Fundador y Consultor Estrat\u00e9gico en Salud, que combina experiencia m\u00e9dica con un enfoque estrat\u00e9gico para brindar soluciones personalizadas a m\u00e9dicos, pacientes, br\u00f3keres de seguros y prestadores de salud.<\/p>\t\t\t\t\t\t\t\t<\/div>\n\t\t\t\t<\/div>\n\t\t\t\t<\/div>\n\t\t<div class=\"elementor-element elementor-element-bca0cb6 e-con-full e-flex e-con e-child\" data-id=\"bca0cb6\" data-element_type=\"container\">\n\t\t\t\t<\/div>\n\t\t\t\t\t<\/div>\n\t\t\t\t<\/div>\n\t\t<div class=\"elementor-element elementor-element-16a7c38 e-flex e-con-boxed e-con e-parent\" data-id=\"16a7c38\" data-element_type=\"container\">\n\t\t\t\t\t<div class=\"e-con-inner\">\n\t\t<div class=\"elementor-element elementor-element-31d0252 e-con-full e-flex e-con e-child\" data-id=\"31d0252\" data-element_type=\"container\" data-settings=\"{&quot;background_background&quot;:&quot;classic&quot;}\">\n\t\t\t\t<div class=\"elementor-element elementor-element-50b57fa elementor-widget elementor-widget-heading\" data-id=\"50b57fa\" data-element_type=\"widget\" data-widget_type=\"heading.default\">\n\t\t\t\t<div class=\"elementor-widget-container\">\n\t\t\t\t\t<h2 class=\"elementor-heading-title elementor-size-default\">Nuestra misi\u00f3n<\/h2>\t\t\t\t<\/div>\n\t\t\t\t<\/div>\n\t\t\t\t<div class=\"elementor-element elementor-element-311f86b elementor-widget elementor-widget-text-editor\" data-id=\"311f86b\" data-element_type=\"widget\" data-widget_type=\"text-editor.default\">\n\t\t\t\t<div class=\"elementor-widget-container\">\n\t\t\t\t\t\t\t\t\t<p style=\"font-weight: 400;\">Proteger todas las aristas del sector salud, conectando necesidades con soluciones.<\/p>\t\t\t\t\t\t\t\t<\/div>\n\t\t\t\t<\/div>\n\t\t\t\t<div class=\"elementor-element elementor-element-88a4572 elementor-widget elementor-widget-text-editor\" data-id=\"88a4572\" data-element_type=\"widget\" data-widget_type=\"text-editor.default\">\n\t\t\t\t<div class=\"elementor-widget-container\">\n\t\t\t\t\t\t\t\t\t<p style=\"font-weight: 400;\">Creemos que cada actor en el sistema de salud merece claridad, optimizaci\u00f3n y resultados efectivos. Por eso, trabajamos para que m\u00e9dicos gestionen mejor sus pr\u00e1cticas, pacientes accedan a servicios de calidad, y br\u00f3keres simplifiquen la complejidad de los reembolsos y auditor\u00edas.<\/p>\t\t\t\t\t\t\t\t<\/div>\n\t\t\t\t<\/div>\n\t\t\t\t<\/div>\n\t\t<div class=\"elementor-element elementor-element-1ac57a9 e-con-full e-flex e-con e-child\" data-id=\"1ac57a9\" data-element_type=\"container\" data-settings=\"{&quot;background_background&quot;:&quot;classic&quot;}\">\n\t\t\t\t<div class=\"elementor-element elementor-element-a207a0e elementor-widget elementor-widget-heading\" data-id=\"a207a0e\" data-element_type=\"widget\" data-widget_type=\"heading.default\">\n\t\t\t\t<div class=\"elementor-widget-container\">\n\t\t\t\t\t<h2 class=\"elementor-heading-title elementor-size-default\">Nuestra visi\u00f3n<\/h2>\t\t\t\t<\/div>\n\t\t\t\t<\/div>\n\t\t\t\t<div class=\"elementor-element elementor-element-deecd2f elementor-widget elementor-widget-text-editor\" data-id=\"deecd2f\" data-element_type=\"widget\" data-widget_type=\"text-editor.default\">\n\t\t\t\t<div class=\"elementor-widget-container\">\n\t\t\t\t\t\t\t\t\t<p style=\"font-weight: 400;\">Convertirnos en el puente m\u00e1s confiable entre los diferentes actores del sector salud.<\/p>\t\t\t\t\t\t\t\t<\/div>\n\t\t\t\t<\/div>\n\t\t\t\t<div class=\"elementor-element elementor-element-baa3721 elementor-widget elementor-widget-text-editor\" data-id=\"baa3721\" data-element_type=\"widget\" data-widget_type=\"text-editor.default\">\n\t\t\t\t<div class=\"elementor-widget-container\">\n\t\t\t\t\t\t\t\t\t<p style=\"font-weight: 400;\">Aspiramos a liderar con innovaci\u00f3n, \u00e9tica y profesionalismo, construyendo un sistema de salud m\u00e1s eficiente y accesible para todos.<\/p>\t\t\t\t\t\t\t\t<\/div>\n\t\t\t\t<\/div>\n\t\t\t\t<\/div>\n\t\t\t\t\t<\/div>\n\t\t\t\t<\/div>\n\t\t\t\t<\/div>\n\t\t","protected":false},"excerpt":{"rendered":"<p>Desde la A hasta la Z, protegemos cada detalle en el sector salud En Enlazalud, usamos la &#8216;Z&#8217; porque no dejamos nada al azar ni al final. Trabajamos para proteger todas las aristas en el sector salud, conectando m\u00e9dicos, pacientes, br\u00f3keres y prestadores con soluciones efectivas e innovadoras, por eso la fusi\u00f3n de \u201cenlaza\u201d y [&hellip;]<\/p>\n","protected":false},"author":1,"featured_media":0,"parent":0,"menu_order":0,"comment_status":"closed","ping_status":"closed","template":"elementor_header_footer","meta":{"footnotes":""},"class_list":["post-477","page","type-page","status-publish","hentry"],"yoast_head":"<!-- This site is optimized with the Yoast SEO plugin v24.6 - https:\/\/yoast.com\/wordpress\/plugins\/seo\/ -->\n<title>Nosotros - Enlazalud<\/title>\n<meta name=\"robots\" content=\"index, follow, max-snippet:-1, max-image-preview:large, max-video-preview:-1\" \/>\n<link rel=\"canonical\" href=\"https:\/\/enlazalud.com\/index.php\/nosotros\/\" \/>\n<meta property=\"og:locale\" content=\"es_ES\" \/>\n<meta property=\"og:type\" content=\"article\" \/>\n<meta property=\"og:title\" content=\"Nosotros - Enlazalud\" \/>\n<meta property=\"og:description\" content=\"Desde la A hasta la Z, protegemos cada detalle en el sector salud En Enlazalud, usamos la &#8216;Z&#8217; porque no dejamos nada al azar ni al final. Trabajamos para proteger todas las aristas en el sector salud, conectando m\u00e9dicos, pacientes, br\u00f3keres y prestadores con soluciones efectivas e innovadoras, por eso la fusi\u00f3n de \u201cenlaza\u201d y [&hellip;]\" \/>\n<meta property=\"og:url\" content=\"https:\/\/enlazalud.com\/index.php\/nosotros\/\" \/>\n<meta property=\"og:site_name\" content=\"Enlazalud\" \/>\n<meta property=\"article:modified_time\" content=\"2025-01-27T01:51:50+00:00\" \/>\n<meta name=\"twitter:card\" content=\"summary_large_image\" \/>\n<meta name=\"twitter:label1\" content=\"Tiempo de lectura\" \/>\n\t<meta name=\"twitter:data1\" content=\"1 minuto\" \/>\n<script type=\"application\/ld+json\" class=\"yoast-schema-graph\">{\"@context\":\"https:\/\/schema.org\",\"@graph\":[{\"@type\":\"WebPage\",\"@id\":\"https:\/\/enlazalud.com\/index.php\/nosotros\/\",\"url\":\"https:\/\/enlazalud.com\/index.php\/nosotros\/\",\"name\":\"Nosotros - Enlazalud\",\"isPartOf\":{\"@id\":\"https:\/\/enlazalud.com\/#website\"},\"datePublished\":\"2025-01-26T19:18:05+00:00\",\"dateModified\":\"2025-01-27T01:51:50+00:00\",\"breadcrumb\":{\"@id\":\"https:\/\/enlazalud.com\/index.php\/nosotros\/#breadcrumb\"},\"inLanguage\":\"es\",\"potentialAction\":[{\"@type\":\"ReadAction\",\"target\":[\"https:\/\/enlazalud.com\/index.php\/nosotros\/\"]}]},{\"@type\":\"BreadcrumbList\",\"@id\":\"https:\/\/enlazalud.com\/index.php\/nosotros\/#breadcrumb\",\"itemListElement\":[{\"@type\":\"ListItem\",\"position\":1,\"name\":\"Portada\",\"item\":\"https:\/\/enlazalud.com\/\"},{\"@type\":\"ListItem\",\"position\":2,\"name\":\"Nosotros\"}]},{\"@type\":\"WebSite\",\"@id\":\"https:\/\/enlazalud.com\/#website\",\"url\":\"https:\/\/enlazalud.com\/\",\"name\":\"Enlazalud\",\"description\":\"Desde la A hasta la Z, protegemos cada detalle en el sector salud\",\"publisher\":{\"@id\":\"https:\/\/enlazalud.com\/#organization\"},\"potentialAction\":[{\"@type\":\"SearchAction\",\"target\":{\"@type\":\"EntryPoint\",\"urlTemplate\":\"https:\/\/enlazalud.com\/?s={search_term_string}\"},\"query-input\":{\"@type\":\"PropertyValueSpecification\",\"valueRequired\":true,\"valueName\":\"search_term_string\"}}],\"inLanguage\":\"es\"},{\"@type\":\"Organization\",\"@id\":\"https:\/\/enlazalud.com\/#organization\",\"name\":\"Enlazalud\",\"url\":\"https:\/\/enlazalud.com\/\",\"logo\":{\"@type\":\"ImageObject\",\"inLanguage\":\"es\",\"@id\":\"https:\/\/enlazalud.com\/#\/schema\/logo\/image\/\",\"url\":\"https:\/\/enlazalud.com\/wp-content\/uploads\/logo-enlazalud-azul.png\",\"contentUrl\":\"https:\/\/enlazalud.com\/wp-content\/uploads\/logo-enlazalud-azul.png\",\"width\":700,\"height\":171,\"caption\":\"Enlazalud\"},\"image\":{\"@id\":\"https:\/\/enlazalud.com\/#\/schema\/logo\/image\/\"}}]}<\/script>\n<!-- \/ Yoast SEO plugin. -->","yoast_head_json":{"title":"Nosotros - Enlazalud","robots":{"index":"index","follow":"follow","max-snippet":"max-snippet:-1","max-image-preview":"max-image-preview:large","max-video-preview":"max-video-preview:-1"},"canonical":"https:\/\/enlazalud.com\/index.php\/nosotros\/","og_locale":"es_ES","og_type":"article","og_title":"Nosotros - Enlazalud","og_description":"Desde la A hasta la Z, protegemos cada detalle en el sector salud En Enlazalud, usamos la &#8216;Z&#8217; porque no dejamos nada al azar ni al final. Trabajamos para proteger todas las aristas en el sector salud, conectando m\u00e9dicos, pacientes, br\u00f3keres y prestadores con soluciones efectivas e innovadoras, por eso la fusi\u00f3n de \u201cenlaza\u201d y [&hellip;]","og_url":"https:\/\/enlazalud.com\/index.php\/nosotros\/","og_site_name":"Enlazalud","article_modified_time":"2025-01-27T01:51:50+00:00","twitter_card":"summary_large_image","twitter_misc":{"Tiempo de lectura":"1 minuto"},"schema":{"@context":"https:\/\/schema.org","@graph":[{"@type":"WebPage","@id":"https:\/\/enlazalud.com\/index.php\/nosotros\/","url":"https:\/\/enlazalud.com\/index.php\/nosotros\/","name":"Nosotros - Enlazalud","isPartOf":{"@id":"https:\/\/enlazalud.com\/#website"},"datePublished":"2025-01-26T19:18:05+00:00","dateModified":"2025-01-27T01:51:50+00:00","breadcrumb":{"@id":"https:\/\/enlazalud.com\/index.php\/nosotros\/#breadcrumb"},"inLanguage":"es","potentialAction":[{"@type":"ReadAction","target":["https:\/\/enlazalud.com\/index.php\/nosotros\/"]}]},{"@type":"BreadcrumbList","@id":"https:\/\/enlazalud.com\/index.php\/nosotros\/#breadcrumb","itemListElement":[{"@type":"ListItem","position":1,"name":"Portada","item":"https:\/\/enlazalud.com\/"},{"@type":"ListItem","position":2,"name":"Nosotros"}]},{"@type":"WebSite","@id":"https:\/\/enlazalud.com\/#website","url":"https:\/\/enlazalud.com\/","name":"Enlazalud","description":"Desde la A hasta la Z, protegemos cada detalle en el sector salud","publisher":{"@id":"https:\/\/enlazalud.com\/#organization"},"potentialAction":[{"@type":"SearchAction","target":{"@type":"EntryPoint","urlTemplate":"https:\/\/enlazalud.com\/?s={search_term_string}"},"query-input":{"@type":"PropertyValueSpecification","valueRequired":true,"valueName":"search_term_string"}}],"inLanguage":"es"},{"@type":"Organization","@id":"https:\/\/enlazalud.com\/#organization","name":"Enlazalud","url":"https:\/\/enlazalud.com\/","logo":{"@type":"ImageObject","inLanguage":"es","@id":"https:\/\/enlazalud.com\/#\/schema\/logo\/image\/","url":"https:\/\/enlazalud.com\/wp-content\/uploads\/logo-enlazalud-azul.png","contentUrl":"https:\/\/enlazalud.com\/wp-content\/uploads\/logo-enlazalud-azul.png","width":700,"height":171,"caption":"Enlazalud"},"image":{"@id":"https:\/\/enlazalud.com\/#\/schema\/logo\/image\/"}}]}},"_links":{"self":[{"href":"https:\/\/enlazalud.com\/index.php\/wp-json\/wp\/v2\/pages\/477","targetHints":{"allow":["GET"]}}],"collection":[{"href":"https:\/\/enlazalud.com\/index.php\/wp-json\/wp\/v2\/pages"}],"about":[{"href":"https:\/\/enlazalud.com\/index.php\/wp-json\/wp\/v2\/types\/page"}],"author":[{"embeddable":true,"href":"https:\/\/enlazalud.com\/index.php\/wp-json\/wp\/v2\/users\/1"}],"replies":[{"embeddable":true,"href":"https:\/\/enlazalud.com\/index.php\/wp-json\/wp\/v2\/comments?post=477"}],"version-history":[{"count":25,"href":"https:\/\/enlazalud.com\/index.php\/wp-json\/wp\/v2\/pages\/477\/revisions"}],"predecessor-version":[{"id":892,"href":"https:\/\/enlazalud.com\/index.php\/wp-json\/wp\/v2\/pages\/477\/revisions\/892"}],"wp:attachment":[{"href":"https:\/\/enlazalud.com\/index.php\/wp-json\/wp\/v2\/media?parent=477"}],"curies":[{"name":"wp","href":"https:\/\/api.w.org\/{rel}","templated":true}]}}